{"id":23762,"date":"2026-03-24T15:43:59","date_gmt":"2026-03-24T15:43:59","guid":{"rendered":"https:\/\/xn--megvechalets-zdb.com\/appartements\/"},"modified":"2026-03-24T16:43:24","modified_gmt":"2026-03-24T16:43:24","slug":"appartements","status":"publish","type":"page","link":"https:\/\/xn--megvechalets-zdb.com\/fr\/appartements\/","title":{"rendered":"Appartements"},"content":{"rendered":"\t\t<div data-elementor-type=\"wp-page\" data-elementor-id=\"23762\" class=\"elementor elementor-23762 elementor-23753\" data-elementor-post-type=\"page\">\n\t\t\t\t\t\t<section class=\"elementor-section elementor-top-section elementor-element elementor-element-7775676 elementor-section-height-min-height elementor-section-boxed elementor-section-height-default elementor-section-items-middle\" data-id=\"7775676\" data-element_type=\"section\" data-e-type=\"section\" data-settings=\"{&quot;background_background&quot;:&quot;classic&quot;}\">\n\t\t\t\t\t\t<div class=\"elementor-container elementor-column-gap-default\">\n\t\t\t\t\t<div class=\"elementor-column elementor-col-100 elementor-top-column elementor-element elementor-element-9cb90af\" data-id=\"9cb90af\" data-element_type=\"column\" data-e-type=\"column\">\n\t\t\t<div class=\"elementor-widget-wrap\">\n\t\t\t\t\t\t\t<\/div>\n\t\t<\/div>\n\t\t\t\t\t<\/div>\n\t\t<\/section>\n\t\t\t\t<section class=\"elementor-section elementor-top-section elementor-element elementor-element-9da68ef elementor-section-boxed elementor-section-height-default elementor-section-height-default\" data-id=\"9da68ef\" data-element_type=\"section\" data-e-type=\"section\">\n\t\t\t\t\t\t<div class=\"elementor-container elementor-column-gap-default\">\n\t\t\t\t\t<div class=\"elementor-column elementor-col-100 elementor-top-column elementor-element elementor-element-6726422\" data-id=\"6726422\" data-element_type=\"column\" data-e-type=\"column\">\n\t\t\t<div class=\"elementor-widget-wrap elementor-element-populated\">\n\t\t\t\t\t\t<div class=\"elementor-element elementor-element-61f4c80 elementor-widget elementor-widget-heading\" data-id=\"61f4c80\" data-element_type=\"widget\" data-e-type=\"widget\" data-widget_type=\"heading.default\">\n\t\t\t\t<div class=\"elementor-widget-container\">\n\t\t\t\t\t<h1 class=\"elementor-heading-title elementor-size-default\">megeve Location d'appartements de luxe<\/h1>\t\t\t\t<\/div>\n\t\t\t\t<\/div>\n\t\t\t\t<div class=\"elementor-element elementor-element-958df2c elementor-widget elementor-widget-heading\" data-id=\"958df2c\" data-element_type=\"widget\" data-e-type=\"widget\" data-widget_type=\"heading.default\">\n\t\t\t\t<div class=\"elementor-widget-container\">\n\t\t\t\t\t<h6 class=\"elementor-heading-title elementor-size-default\">Chalets de luxe<\/h6>\t\t\t\t<\/div>\n\t\t\t\t<\/div>\n\t\t\t\t<div class=\"elementor-element elementor-element-f341bd7 elementor-widget elementor-widget-text-editor\" data-id=\"f341bd7\" data-element_type=\"widget\" data-e-type=\"widget\" data-widget_type=\"text-editor.default\">\n\t\t\t\t<div class=\"elementor-widget-container\">\n\t\t\t\t\t\t\t\t\t<article class=\"text-token-text-primary w-full focus:outline-none [--shadow-height:45px] has-data-writing-block:pointer-events-none has-data-writing-block:-mt-(--shadow-height) has-data-writing-block:pt-(--shadow-height) [&amp;:has([data-writing-block])&gt;*]:pointer-events-auto scroll-mt-(--header-height)\" dir=\"auto\" tabindex=\"-1\" data-turn-id=\"7f20457f-2860-43da-b817-da29d579fbcc\" data-testid=\"conversation-turn-75\" data-scroll-anchor=\"false\" data-turn=\"user\"><\/article><article class=\"text-token-text-primary w-full focus:outline-none [--shadow-height:45px] has-data-writing-block:pointer-events-none has-data-writing-block:-mt-(--shadow-height) has-data-writing-block:pt-(--shadow-height) [&amp;:has([data-writing-block])&gt;*]:pointer-events-auto scroll-mt-[calc(var(--header-height)+min(200px,max(70px,20svh)))]\" dir=\"auto\" tabindex=\"-1\" data-turn-id=\"request-69b3c36a-0c0c-838b-9999-933e675e7024-32\" data-testid=\"conversation-turn-76\" data-scroll-anchor=\"true\" data-turn=\"assistant\"><div class=\"text-base my-auto mx-auto pb-10 [--thread-content-margin:var(--thread-content-margin-xs,calc(var(--spacing)*4))] @w-sm\/main:[--thread-content-margin:var(--thread-content-margin-sm,calc(var(--spacing)*6))] @w-lg\/main:[--thread-content-margin:var(--thread-content-margin-lg,calc(var(--spacing)*16))] px-(--thread-content-margin)\"><div class=\"[--thread-content-max-width:40rem] @w-lg\/main:[--thread-content-max-width:48rem] mx-auto max-w-(--thread-content-max-width) flex-1 group\/turn-messages focus-visible:outline-hidden relative flex w-full min-w-0 flex-col agent-turn\" tabindex=\"-1\"><div class=\"flex max-w-full flex-col gap-4 grow\"><div class=\"min-h-8 text-message relative flex w-full flex-col items-end gap-2 text-start break-words whitespace-normal [.text-message+&amp;]:mt-1\" dir=\"auto\" data-message-author-role=\"assistant\" data-message-id=\"e1db6655-aa77-4f3c-9e14-bf4b022e1307\" data-message-model-slug=\"gpt-5-3\"><div class=\"flex w-full flex-col gap-1 empty:hidden\"><div class=\"markdown prose dark:prose-invert w-full wrap-break-word dark markdown-new-styling\"><p data-start=\"0\" data-end=\"300\">D\u00e9couvrez les meilleurs chalets disponibles \u00e0 la location \u00e0 <span class=\"hover:entity-accent entity-underline inline cursor-pointer align-baseline\"><span class=\"whitespace-normal\">Meg\u00e8ve<\/span><\/span>Meg\u00e8ve, le v\u00e9ritable sommet du luxe alpin. Notre site Internet pr\u00e9sente une s\u00e9lection de chalets exceptionnels, mais nos courtiers ont \u00e9galement acc\u00e8s \u00e0 de nombreuses propri\u00e9t\u00e9s discr\u00e8tes hors march\u00e9, disponibles sur demande. <\/p><p data-start=\"302\" data-end=\"539\" data-is-last-node=\"\" data-is-only-node=\"\">N&rsquo;h\u00e9sitez pas \u00e0 nous contacter pour recevoir une s\u00e9lection personnalis\u00e9e de chalets de luxe qui correspondent parfaitement \u00e0 vos dates, pr\u00e9f\u00e9rences et exigences, vous assurant un s\u00e9jour inoubliable au c\u0153ur des <span class=\"hover:entity-accent entity-underline inline cursor-pointer align-baseline\"><span class=\"whitespace-normal\">Alpes fran\u00e7aises<\/span><\/span>.<\/p><\/div><\/div><\/div><\/div><\/div><\/div><\/article>\t\t\t\t\t\t\t\t<\/div>\n\t\t\t\t<\/div>\n\t\t\t\t\t<\/div>\n\t\t<\/div>\n\t\t\t\t\t<\/div>\n\t\t<\/section>\n\t\t\t\t<section class=\"elementor-section elementor-top-section elementor-element elementor-element-70decb7 elementor-section-boxed elementor-section-height-default elementor-section-height-default\" data-id=\"70decb7\" data-element_type=\"section\" data-e-type=\"section\">\n\t\t\t\t\t\t<div class=\"elementor-container elementor-column-gap-default\">\n\t\t\t\t\t<div class=\"elementor-column elementor-col-100 elementor-top-column elementor-element elementor-element-8a6d6c1\" data-id=\"8a6d6c1\" data-element_type=\"column\" data-e-type=\"column\">\n\t\t\t<div class=\"elementor-widget-wrap elementor-element-populated\">\n\t\t\t\t\t\t<div class=\"elementor-element elementor-element-f5b93a2 elementor-widget elementor-widget-heading\" data-id=\"f5b93a2\" data-element_type=\"widget\" data-e-type=\"widget\" data-widget_type=\"heading.default\">\n\t\t\t\t<div class=\"elementor-widget-container\">\n\t\t\t\t\t<h2 class=\"elementor-heading-title elementor-size-default\">Appartements de luxe \u00e0 louer \u00e0 Meg\u00e8ve<\/h2>\t\t\t\t<\/div>\n\t\t\t\t<\/div>\n\t\t\t\t<div class=\"elementor-element elementor-element-4a3c520 elementor-widget elementor-widget-heading\" data-id=\"4a3c520\" data-element_type=\"widget\" data-e-type=\"widget\" data-widget_type=\"heading.default\">\n\t\t\t\t<div class=\"elementor-widget-container\">\n\t\t\t\t\t<h6 class=\"elementor-heading-title elementor-size-default\">Location de luxe \u00e0 Meg\u00e8ve<\/h6>\t\t\t\t<\/div>\n\t\t\t\t<\/div>\n\t\t\t\t<div class=\"elementor-element elementor-element-1341b27 elementor-widget elementor-widget-text-editor\" data-id=\"1341b27\" data-element_type=\"widget\" data-e-type=\"widget\" data-widget_type=\"text-editor.default\">\n\t\t\t\t<div class=\"elementor-widget-container\">\n\t\t\t\t\t\t\t\t\t<p>Parcourez notre s\u00e9lection des meilleurs appartements de luxe \u00e0 louer \u00e0 Meg\u00e8ve :<\/p>\t\t\t\t\t\t\t\t<\/div>\n\t\t\t\t<\/div>\n\t\t\t\t<div class=\"elementor-element elementor-element-1163bd2 elementor-grid-3 elementor-grid-tablet-2 elementor-grid-mobile-1 elementor-widget elementor-widget-loop-grid\" data-id=\"1163bd2\" data-element_type=\"widget\" data-e-type=\"widget\" data-settings=\"{&quot;template_id&quot;:20324,&quot;_skin&quot;:&quot;post&quot;,&quot;columns&quot;:&quot;3&quot;,&quot;columns_tablet&quot;:&quot;2&quot;,&quot;columns_mobile&quot;:&quot;1&quot;,&quot;edit_handle_selector&quot;:&quot;[data-elementor-type=\\&quot;loop-item\\&quot;]&quot;,&quot;row_gap&quot;:{&quot;unit&quot;:&quot;px&quot;,&quot;size&quot;:&quot;&quot;,&quot;sizes&quot;:[]},&quot;row_gap_tablet&quot;:{&quot;unit&quot;:&quot;px&quot;,&quot;size&quot;:&quot;&quot;,&quot;sizes&quot;:[]},&quot;row_gap_mobile&quot;:{&quot;unit&quot;:&quot;px&quot;,&quot;size&quot;:&quot;&quot;,&quot;sizes&quot;:[]}}\" data-widget_type=\"loop-grid.post\">\n\t\t\t\t<div class=\"elementor-widget-container\">\n\t\t\t\t\t\t\t<div class=\"e-loop-nothing-found-message\">\n\t\t<\/div>\n\t\t\t\t\t\t<\/div>\n\t\t\t\t<\/div>\n\t\t\t\t\t<\/div>\n\t\t<\/div>\n\t\t\t\t\t<\/div>\n\t\t<\/section>\n\t\t\t\t<\/div>\n\t\t","protected":false},"excerpt":{"rendered":"<p>megeve Location d&rsquo;appartements de luxe Chalets de luxe D\u00e9couvrez les meilleurs chalets disponibles \u00e0 la location \u00e0 Meg\u00e8veMeg\u00e8ve, le v\u00e9ritable sommet du luxe alpin. Notre site Internet pr\u00e9sente une s\u00e9lection de chalets exceptionnels, mais nos courtiers ont \u00e9galement acc\u00e8s \u00e0 de nombreuses propri\u00e9t\u00e9s discr\u00e8tes hors march\u00e9, disponibles sur demande. N&rsquo;h\u00e9sitez pas \u00e0 nous contacter pour&hellip; <a class=\"more-link\" href=\"https:\/\/xn--megvechalets-zdb.com\/fr\/appartements\/\">Poursuivre la lecture <span class=\"screen-reader-text\">Appartements<\/span><\/a><\/p>\n","protected":false},"author":6,"featured_media":23883,"parent":0,"menu_order":0,"comment_status":"closed","ping_status":"closed","template":"elementor_header_footer","meta":{"_acf_changed":false,"footnotes":""},"class_list":["post-23762","page","type-page","status-publish","has-post-thumbnail","hentry","entry"],"acf":[],"yoast_head":"<!-- This site is optimized with the Yoast SEO plugin v27.1.1 - https:\/\/yoast.com\/product\/yoast-seo-wordpress\/ -->\n<title>Appartements de luxe \u00e0 louer \u00e0 Meg\u00e8ve - Location d&#039;appartements de luxe \u00e0 Meg\u00e8ve<\/title>\n<meta name=\"description\" content=\"D\u00e9couvrez votre prochaine location d&#039;appartements de luxe \u00e0 Meg\u00e8ve pour la saison d&#039;hiver et louez un appartement de luxe \u00e0 Meg\u00e8ve pour en profiter avec vos amis et votre famille.\" \/>\n<meta name=\"robots\" content=\"index, follow, max-snippet:-1, max-image-preview:large, max-video-preview:-1\" \/>\n<link rel=\"canonical\" href=\"https:\/\/xn--megvechalets-zdb.com\/fr\/appartements\/\" \/>\n<meta property=\"og:locale\" content=\"fr_FR\" \/>\n<meta property=\"og:type\" content=\"article\" \/>\n<meta property=\"og:title\" content=\"Appartements de luxe \u00e0 louer \u00e0 Meg\u00e8ve - Location d&#039;appartements de luxe \u00e0 Meg\u00e8ve\" \/>\n<meta property=\"og:description\" content=\"D\u00e9couvrez votre prochaine location d&#039;appartements de luxe \u00e0 Meg\u00e8ve pour la saison d&#039;hiver et louez un appartement de luxe \u00e0 Meg\u00e8ve pour en profiter avec vos amis et votre famille.\" \/>\n<meta property=\"og:url\" content=\"https:\/\/xn--megvechalets-zdb.com\/fr\/appartements\/\" \/>\n<meta property=\"og:site_name\" content=\"Meg\u00e8ve Chalets\" \/>\n<meta property=\"article:modified_time\" content=\"2026-03-24T16:43:24+00:00\" \/>\n<meta property=\"og:image\" content=\"https:\/\/xn--megvechalets-zdb.com\/wp-content\/uploads\/2026\/03\/ksar-A11.webp\" \/>\n\t<meta property=\"og:image:width\" content=\"2000\" \/>\n\t<meta property=\"og:image:height\" content=\"1125\" \/>\n\t<meta property=\"og:image:type\" content=\"image\/webp\" \/>\n<meta name=\"twitter:card\" content=\"summary_large_image\" \/>\n<meta name=\"twitter:label1\" content=\"Dur\u00e9e de lecture estim\u00e9e\" \/>\n\t<meta name=\"twitter:data1\" content=\"1 minute\" \/>\n<script type=\"application\/ld+json\" class=\"yoast-schema-graph\">{\"@context\":\"https:\/\/schema.org\",\"@graph\":[{\"@type\":\"WebPage\",\"@id\":\"https:\/\/xn--megvechalets-zdb.com\/fr\/appartements\/\",\"url\":\"https:\/\/xn--megvechalets-zdb.com\/fr\/appartements\/\",\"name\":\"Appartements de luxe \u00e0 louer \u00e0 Meg\u00e8ve - Location d'appartements de luxe \u00e0 Meg\u00e8ve\",\"isPartOf\":{\"@id\":\"https:\/\/xn--megvechalets-zdb.com\/fr\/#website\"},\"primaryImageOfPage\":{\"@id\":\"https:\/\/xn--megvechalets-zdb.com\/fr\/appartements\/#primaryimage\"},\"image\":{\"@id\":\"https:\/\/xn--megvechalets-zdb.com\/fr\/appartements\/#primaryimage\"},\"thumbnailUrl\":\"https:\/\/xn--megvechalets-zdb.com\/wp-content\/uploads\/2026\/03\/ksar-A11.webp\",\"datePublished\":\"2026-03-24T15:43:59+00:00\",\"dateModified\":\"2026-03-24T16:43:24+00:00\",\"description\":\"D\u00e9couvrez votre prochaine location d'appartements de luxe \u00e0 Meg\u00e8ve pour la saison d'hiver et louez un appartement de luxe \u00e0 Meg\u00e8ve pour en profiter avec vos amis et votre famille.\",\"breadcrumb\":{\"@id\":\"https:\/\/xn--megvechalets-zdb.com\/fr\/appartements\/#breadcrumb\"},\"inLanguage\":\"fr-FR\",\"potentialAction\":[{\"@type\":\"ReadAction\",\"target\":[\"https:\/\/xn--megvechalets-zdb.com\/fr\/appartements\/\"]}]},{\"@type\":\"ImageObject\",\"inLanguage\":\"fr-FR\",\"@id\":\"https:\/\/xn--megvechalets-zdb.com\/fr\/appartements\/#primaryimage\",\"url\":\"https:\/\/xn--megvechalets-zdb.com\/wp-content\/uploads\/2026\/03\/ksar-A11.webp\",\"contentUrl\":\"https:\/\/xn--megvechalets-zdb.com\/wp-content\/uploads\/2026\/03\/ksar-A11.webp\",\"width\":2000,\"height\":1125},{\"@type\":\"BreadcrumbList\",\"@id\":\"https:\/\/xn--megvechalets-zdb.com\/fr\/appartements\/#breadcrumb\",\"itemListElement\":[{\"@type\":\"ListItem\",\"position\":1,\"name\":\"Home\",\"item\":\"https:\/\/xn--megvechalets-zdb.com\/fr\/page-daccueil\/\"},{\"@type\":\"ListItem\",\"position\":2,\"name\":\"Appartements\"}]},{\"@type\":\"WebSite\",\"@id\":\"https:\/\/xn--megvechalets-zdb.com\/fr\/#website\",\"url\":\"https:\/\/xn--megvechalets-zdb.com\/fr\/\",\"name\":\"Meg\u00e8ve Chalets\",\"description\":\"Meg\u00e8ve Chalets for Rent\",\"publisher\":{\"@id\":\"https:\/\/xn--megvechalets-zdb.com\/fr\/#organization\"},\"potentialAction\":[{\"@type\":\"SearchAction\",\"target\":{\"@type\":\"EntryPoint\",\"urlTemplate\":\"https:\/\/xn--megvechalets-zdb.com\/fr\/?s={search_term_string}\"},\"query-input\":{\"@type\":\"PropertyValueSpecification\",\"valueRequired\":true,\"valueName\":\"search_term_string\"}}],\"inLanguage\":\"fr-FR\"},{\"@type\":\"Organization\",\"@id\":\"https:\/\/xn--megvechalets-zdb.com\/fr\/#organization\",\"name\":\"Meg\u00e8ve Chalets\",\"url\":\"https:\/\/xn--megvechalets-zdb.com\/fr\/\",\"logo\":{\"@type\":\"ImageObject\",\"inLanguage\":\"fr-FR\",\"@id\":\"https:\/\/xn--megvechalets-zdb.com\/fr\/#\/schema\/logo\/image\/\",\"url\":\"\",\"contentUrl\":\"\",\"caption\":\"Meg\u00e8ve Chalets\"},\"image\":{\"@id\":\"https:\/\/xn--megvechalets-zdb.com\/fr\/#\/schema\/logo\/image\/\"}}]}<\/script>\n<!-- \/ Yoast SEO plugin. -->","yoast_head_json":{"title":"Appartements de luxe \u00e0 louer \u00e0 Meg\u00e8ve - Location d'appartements de luxe \u00e0 Meg\u00e8ve","description":"D\u00e9couvrez votre prochaine location d'appartements de luxe \u00e0 Meg\u00e8ve pour la saison d'hiver et louez un appartement de luxe \u00e0 Meg\u00e8ve pour en profiter avec vos amis et votre famille.","robots":{"index":"index","follow":"follow","max-snippet":"max-snippet:-1","max-image-preview":"max-image-preview:large","max-video-preview":"max-video-preview:-1"},"canonical":"https:\/\/xn--megvechalets-zdb.com\/fr\/appartements\/","og_locale":"fr_FR","og_type":"article","og_title":"Appartements de luxe \u00e0 louer \u00e0 Meg\u00e8ve - Location d'appartements de luxe \u00e0 Meg\u00e8ve","og_description":"D\u00e9couvrez votre prochaine location d'appartements de luxe \u00e0 Meg\u00e8ve pour la saison d'hiver et louez un appartement de luxe \u00e0 Meg\u00e8ve pour en profiter avec vos amis et votre famille.","og_url":"https:\/\/xn--megvechalets-zdb.com\/fr\/appartements\/","og_site_name":"Meg\u00e8ve Chalets","article_modified_time":"2026-03-24T16:43:24+00:00","og_image":[{"width":2000,"height":1125,"url":"https:\/\/xn--megvechalets-zdb.com\/wp-content\/uploads\/2026\/03\/ksar-A11.webp","type":"image\/webp"}],"twitter_card":"summary_large_image","twitter_misc":{"Dur\u00e9e de lecture estim\u00e9e":"1 minute"},"schema":{"@context":"https:\/\/schema.org","@graph":[{"@type":"WebPage","@id":"https:\/\/xn--megvechalets-zdb.com\/fr\/appartements\/","url":"https:\/\/xn--megvechalets-zdb.com\/fr\/appartements\/","name":"Appartements de luxe \u00e0 louer \u00e0 Meg\u00e8ve - Location d'appartements de luxe \u00e0 Meg\u00e8ve","isPartOf":{"@id":"https:\/\/xn--megvechalets-zdb.com\/fr\/#website"},"primaryImageOfPage":{"@id":"https:\/\/xn--megvechalets-zdb.com\/fr\/appartements\/#primaryimage"},"image":{"@id":"https:\/\/xn--megvechalets-zdb.com\/fr\/appartements\/#primaryimage"},"thumbnailUrl":"https:\/\/xn--megvechalets-zdb.com\/wp-content\/uploads\/2026\/03\/ksar-A11.webp","datePublished":"2026-03-24T15:43:59+00:00","dateModified":"2026-03-24T16:43:24+00:00","description":"D\u00e9couvrez votre prochaine location d'appartements de luxe \u00e0 Meg\u00e8ve pour la saison d'hiver et louez un appartement de luxe \u00e0 Meg\u00e8ve pour en profiter avec vos amis et votre famille.","breadcrumb":{"@id":"https:\/\/xn--megvechalets-zdb.com\/fr\/appartements\/#breadcrumb"},"inLanguage":"fr-FR","potentialAction":[{"@type":"ReadAction","target":["https:\/\/xn--megvechalets-zdb.com\/fr\/appartements\/"]}]},{"@type":"ImageObject","inLanguage":"fr-FR","@id":"https:\/\/xn--megvechalets-zdb.com\/fr\/appartements\/#primaryimage","url":"https:\/\/xn--megvechalets-zdb.com\/wp-content\/uploads\/2026\/03\/ksar-A11.webp","contentUrl":"https:\/\/xn--megvechalets-zdb.com\/wp-content\/uploads\/2026\/03\/ksar-A11.webp","width":2000,"height":1125},{"@type":"BreadcrumbList","@id":"https:\/\/xn--megvechalets-zdb.com\/fr\/appartements\/#breadcrumb","itemListElement":[{"@type":"ListItem","position":1,"name":"Home","item":"https:\/\/xn--megvechalets-zdb.com\/fr\/page-daccueil\/"},{"@type":"ListItem","position":2,"name":"Appartements"}]},{"@type":"WebSite","@id":"https:\/\/xn--megvechalets-zdb.com\/fr\/#website","url":"https:\/\/xn--megvechalets-zdb.com\/fr\/","name":"Meg\u00e8ve Chalets","description":"Meg\u00e8ve Chalets for Rent","publisher":{"@id":"https:\/\/xn--megvechalets-zdb.com\/fr\/#organization"},"potentialAction":[{"@type":"SearchAction","target":{"@type":"EntryPoint","urlTemplate":"https:\/\/xn--megvechalets-zdb.com\/fr\/?s={search_term_string}"},"query-input":{"@type":"PropertyValueSpecification","valueRequired":true,"valueName":"search_term_string"}}],"inLanguage":"fr-FR"},{"@type":"Organization","@id":"https:\/\/xn--megvechalets-zdb.com\/fr\/#organization","name":"Meg\u00e8ve Chalets","url":"https:\/\/xn--megvechalets-zdb.com\/fr\/","logo":{"@type":"ImageObject","inLanguage":"fr-FR","@id":"https:\/\/xn--megvechalets-zdb.com\/fr\/#\/schema\/logo\/image\/","url":"","contentUrl":"","caption":"Meg\u00e8ve Chalets"},"image":{"@id":"https:\/\/xn--megvechalets-zdb.com\/fr\/#\/schema\/logo\/image\/"}}]}},"distributor_meta":false,"distributor_terms":false,"distributor_media":false,"distributor_original_site_name":"Meg\u00e8ve Chalets","distributor_original_site_url":"https:\/\/xn--megvechalets-zdb.com\/fr\/","push-errors":false,"_links":{"self":[{"href":"https:\/\/xn--megvechalets-zdb.com\/fr\/wp-json\/wp\/v2\/pages\/23762","targetHints":{"allow":["GET"]}}],"collection":[{"href":"https:\/\/xn--megvechalets-zdb.com\/fr\/wp-json\/wp\/v2\/pages"}],"about":[{"href":"https:\/\/xn--megvechalets-zdb.com\/fr\/wp-json\/wp\/v2\/types\/page"}],"author":[{"embeddable":true,"href":"https:\/\/xn--megvechalets-zdb.com\/fr\/wp-json\/wp\/v2\/users\/6"}],"replies":[{"embeddable":true,"href":"https:\/\/xn--megvechalets-zdb.com\/fr\/wp-json\/wp\/v2\/comments?post=23762"}],"version-history":[{"count":2,"href":"https:\/\/xn--megvechalets-zdb.com\/fr\/wp-json\/wp\/v2\/pages\/23762\/revisions"}],"predecessor-version":[{"id":23983,"href":"https:\/\/xn--megvechalets-zdb.com\/fr\/wp-json\/wp\/v2\/pages\/23762\/revisions\/23983"}],"wp:featuredmedia":[{"embeddable":true,"href":"https:\/\/xn--megvechalets-zdb.com\/fr\/wp-json\/wp\/v2\/media\/23883"}],"wp:attachment":[{"href":"https:\/\/xn--megvechalets-zdb.com\/fr\/wp-json\/wp\/v2\/media?parent=23762"}],"curies":[{"name":"wp","href":"https:\/\/api.w.org\/{rel}","templated":true}]}}